{"id":20,"date":"2023-12-13T10:53:56","date_gmt":"2023-12-13T09:53:56","guid":{"rendered":"http:\/\/annalenagunkel.com\/?page_id=20"},"modified":"2025-12-15T13:55:26","modified_gmt":"2025-12-15T12:55:26","slug":"about-me","status":"publish","type":"page","link":"https:\/\/annalenagunkel.com\/en\/about-me\/","title":{"rendered":"About"},"content":{"rendered":"\t\t<div data-elementor-type=\"wp-page\" data-elementor-id=\"20\" class=\"elementor elementor-20\" data-elementor-post-type=\"page\">\n\t\t\t\t<div class=\"elementor-element elementor-element-a992920 e-flex e-con-boxed e-con e-parent\" data-id=\"a992920\" data-element_type=\"container\" data-e-type=\"container\" data-settings=\"{&quot;background_background&quot;:&quot;classic&quot;}\">\n\t\t\t\t\t<div class=\"e-con-inner\">\n\t\t\t\t<div class=\"elementor-element elementor-element-dc80adf elementor-widget__width-initial elementor-widget-tablet__width-initial elementor-widget elementor-widget-image\" data-id=\"dc80adf\" data-element_type=\"widget\" data-e-type=\"widget\" data-widget_type=\"image.default\">\n\t\t\t\t<div class=\"elementor-widget-container\">\n\t\t\t\t\t\t\t\t\t\t\t\t\t\t\t<img fetchpriority=\"high\" decoding=\"async\" width=\"684\" height=\"1024\" src=\"https:\/\/annalenagunkel.com\/wp-content\/uploads\/2024\/05\/BRS_6645-Edit-2-1-684x1024.jpg\" class=\"attachment-large size-large wp-image-2397\" alt=\"\" srcset=\"https:\/\/annalenagunkel.com\/wp-content\/uploads\/2024\/05\/BRS_6645-Edit-2-1-684x1024.jpg 684w, https:\/\/annalenagunkel.com\/wp-content\/uploads\/2024\/05\/BRS_6645-Edit-2-1-200x300.jpg 200w, https:\/\/annalenagunkel.com\/wp-content\/uploads\/2024\/05\/BRS_6645-Edit-2-1-768x1150.jpg 768w, https:\/\/annalenagunkel.com\/wp-content\/uploads\/2024\/05\/BRS_6645-Edit-2-1-1026x1536.jpg 1026w, https:\/\/annalenagunkel.com\/wp-content\/uploads\/2024\/05\/BRS_6645-Edit-2-1-8x12.jpg 8w, https:\/\/annalenagunkel.com\/wp-content\/uploads\/2024\/05\/BRS_6645-Edit-2-1.jpg 1282w\" sizes=\"(max-width: 684px) 100vw, 684px\" \/>\t\t\t\t\t\t\t\t\t\t\t\t\t\t\t<\/div>\n\t\t\t\t<\/div>\n\t\t\t\t\t<\/div>\n\t\t\t\t<\/div>\n\t\t<div class=\"elementor-element elementor-element-6b5631c e-flex e-con-boxed e-con e-parent\" data-id=\"6b5631c\" data-element_type=\"container\" data-e-type=\"container\" data-settings=\"{&quot;background_background&quot;:&quot;classic&quot;}\">\n\t\t\t\t\t<div class=\"e-con-inner\">\n\t\t\t\t<div class=\"elementor-element elementor-element-13f243d elementor-widget__width-initial elementor-widget-tablet__width-initial elementor-widget elementor-widget-text-editor\" data-id=\"13f243d\" data-element_type=\"widget\" data-e-type=\"widget\" data-widget_type=\"text-editor.default\">\n\t\t\t\t<div class=\"elementor-widget-container\">\n\t\t\t\t\t\t\t\t\t<p>Seit \u00fcber 10 Jahren bin ich als Innenarchitektin B.A. und Exhibiton Designerin M.A. in verschiedenen Bereichen, wie Messedesign, der klassischen Architektur als auch Innenarchitektur mit Objekt- und Lichtdesign t\u00e4tig.\u00a0 Die Feng Shui-Wissenschaft hat mein Auge auf die Architektur und des Designs in ein neues Licht gestellt. Neben der klassischen Bauweise in der Architektur gibt es noch viele weitere Faktoren, die eine wichtige Rolle spielen, die wir pers\u00f6nlich beeinflussen k\u00f6nnen. Es sind nicht nur Bauvorschriften, die ber\u00fccksichtigt werden m\u00fcssen, sondern viel mehr die Harmonie und Atmosph\u00e4re eines jeden, individuellen Raumes. Die universellen Naturgesetze, die oft unsichtbar, aber sehr pr\u00e4sent in unserem Leben sind, haben meine Vision von der Architektur umfassender gemacht. <span id=\"[922,924]\" class=\"word\"><\/span>Nicht nur mit der Erfahrung als Innenarchitektin, sondern auch mit dem Wissen als Yogalehrerin in Hatha (200h) und dipl. Bachbl\u00fctenberaterin kann ich Sie unterst\u00fctzen, Ihre R\u00e4umlichkeiten in Harmonie und Einklang zu bringen.\u00a0<span id=\"[922,924]\" class=\"word\"><\/span><\/p>\t\t\t\t\t\t\t\t<\/div>\n\t\t\t\t<\/div>\n\t\t\t\t\t<\/div>\n\t\t\t\t<\/div>\n\t\t<div class=\"elementor-element elementor-element-c5652f4 e-flex e-con-boxed e-con e-parent\" data-id=\"c5652f4\" data-element_type=\"container\" data-e-type=\"container\" data-settings=\"{&quot;background_background&quot;:&quot;classic&quot;}\">\n\t\t\t\t\t<div class=\"e-con-inner\">\n\t\t\t\t\t<\/div>\n\t\t\t\t<\/div>\n\t\t\t\t<\/div>\n\t\t","protected":false},"excerpt":{"rendered":"<p>Seit \u00fcber 10 Jahren bin ich als Innenarchitektin B.A. und Exhibiton Designerin M.A. in verschiedenen Bereichen, wie Messedesign, der klassischen Architektur als auch Innenarchitektur mit Objekt- und Lichtdesign t\u00e4tig.\u00a0 Die Feng Shui-Wissenschaft hat mein Auge auf die Architektur und des Designs in ein neues Licht gestellt. Neben der klassischen Bauweise in der Architektur gibt es [&hellip;]<\/p>\n","protected":false},"author":1,"featured_media":0,"parent":0,"menu_order":0,"comment_status":"closed","ping_status":"closed","template":"","meta":{"site-sidebar-layout":"no-sidebar","site-content-layout":"","ast-site-content-layout":"full-width-container","site-content-style":"default","site-sidebar-style":"default","ast-global-header-display":"","ast-banner-title-visibility":"","ast-main-header-display":"","ast-hfb-above-header-display":"","ast-hfb-below-header-display":"","ast-hfb-mobile-header-display":"","site-post-title":"disabled","ast-breadcrumbs-content":"","ast-featured-img":"disabled","footer-sml-layout":"","theme-transparent-header-meta":"","adv-header-id-meta":"","stick-header-meta":"","header-above-stick-meta":"","header-main-stick-meta":"","header-below-stick-meta":"","astra-migrate-meta-layouts":"default","ast-page-background-enabled":"default","ast-page-background-meta":{"desktop":{"background-color":"var(--ast-global-color-4)","background-image":"","background-repeat":"repeat","background-position":"center center","background-size":"auto","background-attachment":"scroll","background-type":"","background-media":"","overlay-type":"","overlay-color":"","overlay-opacity":"","overlay-gradient":""},"tablet":{"background-color":"","background-image":"","background-repeat":"repeat","background-position":"center center","background-size":"auto","background-attachment":"scroll","background-type":"","background-media":"","overlay-type":"","overlay-color":"","overlay-opacity":"","overlay-gradient":""},"mobile":{"background-color":"","background-image":"","background-repeat":"repeat","background-position":"center center","background-size":"auto","background-attachment":"scroll","background-type":"","background-media":"","overlay-type":"","overlay-color":"","overlay-opacity":"","overlay-gradient":""}},"ast-content-background-meta":{"desktop":{"background-color":"var(--ast-global-color-5)","background-image":"","background-repeat":"repeat","background-position":"center center","background-size":"auto","background-attachment":"scroll","background-type":"","background-media":"","overlay-type":"","overlay-color":"","overlay-opacity":"","overlay-gradient":""},"tablet":{"background-color":"var(--ast-global-color-5)","background-image":"","background-repeat":"repeat","background-position":"center center","background-size":"auto","background-attachment":"scroll","background-type":"","background-media":"","overlay-type":"","overlay-color":"","overlay-opacity":"","overlay-gradient":""},"mobile":{"background-color":"var(--ast-global-color-5)","background-image":"","background-repeat":"repeat","background-position":"center center","background-size":"auto","background-attachment":"scroll","background-type":"","background-media":"","overlay-type":"","overlay-color":"","overlay-opacity":"","overlay-gradient":""}},"footnotes":""},"class_list":["post-20","page","type-page","status-publish","hentry"],"yoast_head":"<!-- This site is optimized with the Yoast SEO plugin v27.4 - https:\/\/yoast.com\/product\/yoast-seo-wordpress\/ -->\n<title>\u00dcber mich - Annalena Gunkel<\/title>\n<meta name=\"description\" content=\"Als professionelle und erfahrene Innenarchitektin B.A. und Exhibition Designerin M.A. habe ich in den letzten Jahren in den Fachbereichen des Event- und Messedesigns, der Architektur als auch Innenarchitektur, Lichtplanung, M\u00f6belbau und im Objektdesign vielseitige Projekte im In- und Ausland betreut.\" \/>\n<meta name=\"robots\" content=\"index, follow, max-snippet:-1, max-image-preview:large, max-video-preview:-1\" \/>\n<link rel=\"canonical\" href=\"https:\/\/annalenagunkel.com\/en\/about-me\/\" \/>\n<meta property=\"og:locale\" content=\"en_GB\" \/>\n<meta property=\"og:type\" content=\"article\" \/>\n<meta property=\"og:title\" content=\"\u00dcber mich - Annalena Gunkel\" \/>\n<meta property=\"og:description\" content=\"Als professionelle und erfahrene Innenarchitektin B.A. und Exhibition Designerin M.A. habe ich in den letzten Jahren in den Fachbereichen des Event- und Messedesigns, der Architektur als auch Innenarchitektur, Lichtplanung, M\u00f6belbau und im Objektdesign vielseitige Projekte im In- und Ausland betreut.\" \/>\n<meta property=\"og:url\" content=\"https:\/\/annalenagunkel.com\/en\/about-me\/\" \/>\n<meta property=\"og:site_name\" content=\"annalenagunkel.com\" \/>\n<meta property=\"article:modified_time\" content=\"2025-12-15T12:55:26+00:00\" \/>\n<meta property=\"og:image\" content=\"https:\/\/annalenagunkel.com\/wp-content\/uploads\/2024\/05\/BRS_6645-Edit-2-1.jpg\" \/>\n\t<meta property=\"og:image:width\" content=\"1282\" \/>\n\t<meta property=\"og:image:height\" content=\"1920\" \/>\n\t<meta property=\"og:image:type\" content=\"image\/jpeg\" \/>\n<meta name=\"twitter:card\" content=\"summary_large_image\" \/>\n<meta name=\"twitter:label1\" content=\"Estimated reading time\" \/>\n\t<meta name=\"twitter:data1\" content=\"1 minute\" \/>\n<script type=\"application\/ld+json\" class=\"yoast-schema-graph\">{\"@context\":\"https:\\\/\\\/schema.org\",\"@graph\":[{\"@type\":\"WebPage\",\"@id\":\"https:\\\/\\\/annalenagunkel.com\\\/about-me\\\/\",\"url\":\"https:\\\/\\\/annalenagunkel.com\\\/about-me\\\/\",\"name\":\"\u00dcber mich - Annalena Gunkel\",\"isPartOf\":{\"@id\":\"https:\\\/\\\/annalenagunkel.com\\\/#website\"},\"primaryImageOfPage\":{\"@id\":\"https:\\\/\\\/annalenagunkel.com\\\/about-me\\\/#primaryimage\"},\"image\":{\"@id\":\"https:\\\/\\\/annalenagunkel.com\\\/about-me\\\/#primaryimage\"},\"thumbnailUrl\":\"https:\\\/\\\/annalenagunkel.com\\\/wp-content\\\/uploads\\\/2024\\\/05\\\/BRS_6645-Edit-2-1-684x1024.jpg\",\"datePublished\":\"2023-12-13T09:53:56+00:00\",\"dateModified\":\"2025-12-15T12:55:26+00:00\",\"description\":\"Als professionelle und erfahrene Innenarchitektin B.A. und Exhibition Designerin M.A. habe ich in den letzten Jahren in den Fachbereichen des Event- und Messedesigns, der Architektur als auch Innenarchitektur, Lichtplanung, M\u00f6belbau und im Objektdesign vielseitige Projekte im In- und Ausland betreut.\",\"breadcrumb\":{\"@id\":\"https:\\\/\\\/annalenagunkel.com\\\/about-me\\\/#breadcrumb\"},\"inLanguage\":\"en-GB\",\"potentialAction\":[{\"@type\":\"ReadAction\",\"target\":[\"https:\\\/\\\/annalenagunkel.com\\\/about-me\\\/\"]}]},{\"@type\":\"ImageObject\",\"inLanguage\":\"en-GB\",\"@id\":\"https:\\\/\\\/annalenagunkel.com\\\/about-me\\\/#primaryimage\",\"url\":\"https:\\\/\\\/annalenagunkel.com\\\/wp-content\\\/uploads\\\/2024\\\/05\\\/BRS_6645-Edit-2-1-684x1024.jpg\",\"contentUrl\":\"https:\\\/\\\/annalenagunkel.com\\\/wp-content\\\/uploads\\\/2024\\\/05\\\/BRS_6645-Edit-2-1-684x1024.jpg\"},{\"@type\":\"BreadcrumbList\",\"@id\":\"https:\\\/\\\/annalenagunkel.com\\\/about-me\\\/#breadcrumb\",\"itemListElement\":[{\"@type\":\"ListItem\",\"position\":1,\"name\":\"Startseite\",\"item\":\"https:\\\/\\\/annalenagunkel.com\\\/\"},{\"@type\":\"ListItem\",\"position\":2,\"name\":\"\u00dcber mich\"}]},{\"@type\":\"WebSite\",\"@id\":\"https:\\\/\\\/annalenagunkel.com\\\/#website\",\"url\":\"https:\\\/\\\/annalenagunkel.com\\\/\",\"name\":\"annalenagunkel.com\",\"description\":\"\",\"potentialAction\":[{\"@type\":\"SearchAction\",\"target\":{\"@type\":\"EntryPoint\",\"urlTemplate\":\"https:\\\/\\\/annalenagunkel.com\\\/?s={search_term_string}\"},\"query-input\":{\"@type\":\"PropertyValueSpecification\",\"valueRequired\":true,\"valueName\":\"search_term_string\"}}],\"inLanguage\":\"en-GB\"}]}<\/script>\n<!-- \/ Yoast SEO plugin. -->","yoast_head_json":{"title":"\u00dcber mich - Annalena Gunkel","description":"As a professional and experienced B.A. Interior Designer and M.A. Exhibition Designer ,\n I have supervised various projects in Germany and abroad in the fields of event and trade fair design, architecture as well as interior design, lighting design, furniture construction and object design.","robots":{"index":"index","follow":"follow","max-snippet":"max-snippet:-1","max-image-preview":"max-image-preview:large","max-video-preview":"max-video-preview:-1"},"canonical":"https:\/\/annalenagunkel.com\/en\/about-me\/","og_locale":"en_GB","og_type":"article","og_title":"\u00dcber mich - Annalena Gunkel","og_description":"Als professionelle und erfahrene Innenarchitektin B.A. und Exhibition Designerin M.A. habe ich in den letzten Jahren in den Fachbereichen des Event- und Messedesigns, der Architektur als auch Innenarchitektur, Lichtplanung, M\u00f6belbau und im Objektdesign vielseitige Projekte im In- und Ausland betreut.","og_url":"https:\/\/annalenagunkel.com\/en\/about-me\/","og_site_name":"annalenagunkel.com","article_modified_time":"2025-12-15T12:55:26+00:00","og_image":[{"width":1282,"height":1920,"url":"https:\/\/annalenagunkel.com\/wp-content\/uploads\/2024\/05\/BRS_6645-Edit-2-1.jpg","type":"image\/jpeg"}],"twitter_card":"summary_large_image","twitter_misc":{"Estimated reading time":"1 minute"},"schema":{"@context":"https:\/\/schema.org","@graph":[{"@type":"WebPage","@id":"https:\/\/annalenagunkel.com\/about-me\/","url":"https:\/\/annalenagunkel.com\/about-me\/","name":"\u00dcber mich - Annalena Gunkel","isPartOf":{"@id":"https:\/\/annalenagunkel.com\/#website"},"primaryImageOfPage":{"@id":"https:\/\/annalenagunkel.com\/about-me\/#primaryimage"},"image":{"@id":"https:\/\/annalenagunkel.com\/about-me\/#primaryimage"},"thumbnailUrl":"https:\/\/annalenagunkel.com\/wp-content\/uploads\/2024\/05\/BRS_6645-Edit-2-1-684x1024.jpg","datePublished":"2023-12-13T09:53:56+00:00","dateModified":"2025-12-15T12:55:26+00:00","description":"As a professional and experienced B.A. Interior Designer and M.A. Exhibition Designer ,\n I have supervised various projects in Germany and abroad in the fields of event and trade fair design, architecture as well as interior design, lighting design, furniture construction and object design.","breadcrumb":{"@id":"https:\/\/annalenagunkel.com\/about-me\/#breadcrumb"},"inLanguage":"en-GB","potentialAction":[{"@type":"ReadAction","target":["https:\/\/annalenagunkel.com\/about-me\/"]}]},{"@type":"ImageObject","inLanguage":"en-GB","@id":"https:\/\/annalenagunkel.com\/about-me\/#primaryimage","url":"https:\/\/annalenagunkel.com\/wp-content\/uploads\/2024\/05\/BRS_6645-Edit-2-1-684x1024.jpg","contentUrl":"https:\/\/annalenagunkel.com\/wp-content\/uploads\/2024\/05\/BRS_6645-Edit-2-1-684x1024.jpg"},{"@type":"BreadcrumbList","@id":"https:\/\/annalenagunkel.com\/about-me\/#breadcrumb","itemListElement":[{"@type":"ListItem","position":1,"name":"Startseite","item":"https:\/\/annalenagunkel.com\/"},{"@type":"ListItem","position":2,"name":"\u00dcber mich"}]},{"@type":"WebSite","@id":"https:\/\/annalenagunkel.com\/#website","url":"https:\/\/annalenagunkel.com\/","name":"annalenagunkel.com","description":"","potentialAction":[{"@type":"SearchAction","target":{"@type":"EntryPoint","urlTemplate":"https:\/\/annalenagunkel.com\/?s={search_term_string}"},"query-input":{"@type":"PropertyValueSpecification","valueRequired":true,"valueName":"search_term_string"}}],"inLanguage":"en-GB"}]}},"_links":{"self":[{"href":"https:\/\/annalenagunkel.com\/en\/wp-json\/wp\/v2\/pages\/20","targetHints":{"allow":["GET"]}}],"collection":[{"href":"https:\/\/annalenagunkel.com\/en\/wp-json\/wp\/v2\/pages"}],"about":[{"href":"https:\/\/annalenagunkel.com\/en\/wp-json\/wp\/v2\/types\/page"}],"author":[{"embeddable":true,"href":"https:\/\/annalenagunkel.com\/en\/wp-json\/wp\/v2\/users\/1"}],"replies":[{"embeddable":true,"href":"https:\/\/annalenagunkel.com\/en\/wp-json\/wp\/v2\/comments?post=20"}],"version-history":[{"count":10,"href":"https:\/\/annalenagunkel.com\/en\/wp-json\/wp\/v2\/pages\/20\/revisions"}],"predecessor-version":[{"id":3198,"href":"https:\/\/annalenagunkel.com\/en\/wp-json\/wp\/v2\/pages\/20\/revisions\/3198"}],"wp:attachment":[{"href":"https:\/\/annalenagunkel.com\/en\/wp-json\/wp\/v2\/media?parent=20"}],"curies":[{"name":"wp","href":"https:\/\/api.w.org\/{rel}","templated":true}]}}